{"id":608,"date":"2023-10-18T19:49:48","date_gmt":"2023-10-18T19:49:48","guid":{"rendered":"https:\/\/escasolutions.com\/WPversion\/wordpress\/?page_id=608"},"modified":"2023-10-18T20:11:13","modified_gmt":"2023-10-18T20:11:13","slug":"terms-and-conditions","status":"publish","type":"page","link":"https:\/\/escasolutions.com\/es\/condiciones-generales\/","title":{"rendered":"Condiciones generales"},"content":{"rendered":"<div data-elementor-type=\"wp-page\" data-elementor-id=\"608\" class=\"elementor elementor-608\">\n\t\t\t\t\t\t\t\t\t<section class=\"elementor-section elementor-top-section elementor-element elementor-element-56e78d7 elementor-section-boxed elementor-section-height-default elementor-section-height-default\" data-id=\"56e78d7\" data-element_type=\"section\" data-settings=\"{&quot;background_background&quot;:&quot;classic&quot;}\">\n\t\t\t\t\t\t<div class=\"elementor-container elementor-column-gap-default\">\n\t\t\t\t\t<div class=\"elementor-column elementor-col-100 elementor-top-column elementor-element elementor-element-417fb73f\" data-id=\"417fb73f\" data-element_type=\"column\">\n\t\t\t<div class=\"elementor-widget-wrap elementor-element-populated\">\n\t\t\t\t\t\t\t\t<div class=\"elementor-element elementor-element-6bf30903 elementor-widget elementor-widget-text-editor\" data-id=\"6bf30903\" data-element_type=\"widget\" data-widget_type=\"text-editor.default\">\n\t\t\t\t<div class=\"elementor-widget-container\">\n\t\t\t<style>\/*! elementor - v3.15.0 - 20-08-2023 *\/\n.elementor-widget-text-editor.elementor-drop-cap-view-stacked .elementor-drop-cap{background-color:#69727d;color:#fff}.elementor-widget-text-editor.elementor-drop-cap-view-framed .elementor-drop-cap{color:#69727d;border:3px solid;background-color:transparent}.elementor-widget-text-editor:not(.elementor-drop-cap-view-default) .elementor-drop-cap{margin-top:8px}.elementor-widget-text-editor:not(.elementor-drop-cap-view-default) .elementor-drop-cap-letter{width:1em;height:1em}.elementor-widget-text-editor .elementor-drop-cap{float:left;text-align:center;line-height:1;font-size:50px}.elementor-widget-text-editor .elementor-drop-cap-letter{display:inline-block}<\/style>\t\t\t\t<!-- wp:heading -->\n<h3>T\u00e9rminos y condiciones de ESCA Solutions<\/h3>\n<p><strong>\u00daltima actualizaci\u00f3n: Septiembre 2023<\/strong><\/p>\n<h4>1. <strong>Aceptaci\u00f3n de las condiciones<\/strong><\/h4>\n<p>Al acceder al sitio web escasolutions.com (\"Sitio web\"), usted acepta quedar vinculado por las presentes Condiciones de uso, as\u00ed como por todas las leyes y reglamentos aplicables.<\/p>\n<h4>2. <strong>Licencia de uso<\/strong><\/h4>\n<p>Se concede permiso para descargar temporalmente una copia de los materiales del sitio web \u00fanicamente para uso personal, no comercial y transitorio.<\/p>\n<h4>3. <strong>Descargo de responsabilidad<\/strong><\/h4>\n<p>Los materiales del Sitio Web se proporcionan \"tal cual\". ESCA Solutions no ofrece ninguna garant\u00eda, expresa o impl\u00edcita.<\/p>\n<h4>4. <strong>Limitaciones<\/strong><\/h4>\n<p>En ning\u00fan caso ESCA Solutions o sus proveedores ser\u00e1n responsables de los da\u00f1os derivados del uso o la imposibilidad de uso de los materiales en el Sitio Web.<\/p>\n<h4>5. <strong>Revisiones y erratas<\/strong><\/h4>\n<p>Los materiales que aparecen en el Sitio Web podr\u00edan incluir errores t\u00e9cnicos, tipogr\u00e1ficos o fotogr\u00e1ficos. ESCA Solutions no garantiza que ninguno de los materiales de su Sitio Web sea preciso, completo o actual.<\/p>\n<h4>6. <strong>Enlaces<\/strong><\/h4>\n<p>ESCA Solutions no ha revisado todos los sitios vinculados a su Sitio Web y no es responsable de los contenidos de dichos sitios vinculados.<\/p>\n<h4>7. <strong>Modificaciones de las condiciones de uso del sitio<\/strong><\/h4>\n<p>ESCA Solutions puede revisar estos T\u00e9rminos y Condiciones en cualquier momento sin previo aviso.<\/p>\n<h4>8. <strong>Derecho aplicable<\/strong><\/h4>\n<p>Cualquier reclamaci\u00f3n relativa al Sitio Web de ESCA Solutions se regir\u00e1 por las leyes de Espa\u00f1a sin tener en cuenta su conflicto de disposiciones legales.<\/p>\n<h4>9. <strong>P\u00f3ngase en contacto con nosotros<\/strong><\/h4>\n<p>Si tiene alguna pregunta sobre estas Condiciones, p\u00f3ngase en contacto con nosotros en info@escasolutions.com.<\/p>\n<!-- \/wp:paragraph -->\t\t\t\t\t\t<\/div>\n\t\t\t\t<\/div>\n\t\t\t\t\t<\/div>\n\t\t<\/div>\n\t\t\t\t\t\t\t<\/div>\n\t\t<\/section>\n\t\t\t\t\t\t\t<\/div>","protected":false},"excerpt":{"rendered":"<p>ESCA Solutions T\u00e9rminos y Condiciones \u00daltima actualizaci\u00f3n: Septiembre 2023 1. Aceptaci\u00f3n de los T\u00e9rminos Al acceder al sitio web escasolutions.com (\"Sitio Web\"), usted acepta quedar vinculado por estos T\u00e9rminos y Condiciones de Uso, todas las leyes y reglamentos aplicables. 2. Licencia de uso Se concede permiso para descargar temporalmente una copia de los materiales del Sitio Web para [...]<\/p>","protected":false},"author":1,"featured_media":0,"parent":0,"menu_order":0,"comment_status":"closed","ping_status":"closed","template":"","meta":{"footnotes":""},"class_list":["post-608","page","type-page","status-publish","hentry"],"yoast_head":"<!-- This site is optimized with the Yoast SEO plugin v21.9.1 - https:\/\/yoast.com\/wordpress\/plugins\/seo\/ -->\n<title>Terms and Conditions - ESCA Solutions<\/title>\n<meta name=\"robots\" content=\"index, follow, max-snippet:-1, max-image-preview:large, max-video-preview:-1\" \/>\n<link rel=\"canonical\" href=\"https:\/\/escasolutions.com\/es\/condiciones-generales\/\" \/>\n<meta property=\"og:locale\" content=\"es_ES\" \/>\n<meta property=\"og:type\" content=\"article\" \/>\n<meta property=\"og:title\" content=\"Terms and Conditions - ESCA Solutions\" \/>\n<meta property=\"og:description\" content=\"ESCA Solutions Terms and Conditions Last Updated: September 2023 1. Acceptance of Terms By accessing the website escasolutions.com (&#8220;Website&#8221;), you are agreeing to be bound by these Terms and Conditions of Use, all applicable laws, and regulations. 2. Use License Permission is granted to temporarily download one copy of the materials on the Website for [&hellip;]\" \/>\n<meta property=\"og:url\" content=\"https:\/\/escasolutions.com\/es\/condiciones-generales\/\" \/>\n<meta property=\"og:site_name\" content=\"ESCA Solutions\" \/>\n<meta property=\"article:modified_time\" content=\"2023-10-18T20:11:13+00:00\" \/>\n<meta property=\"og:image\" content=\"https:\/\/i0.wp.com\/escasolutions.com\/wp-content\/uploads\/2024\/01\/ESCA_wMargin_color_bg-transparent-black-text-squared.png?fit=1800%2C1800&ssl=1\" \/>\n\t<meta property=\"og:image:width\" content=\"1800\" \/>\n\t<meta property=\"og:image:height\" content=\"1800\" \/>\n\t<meta property=\"og:image:type\" content=\"image\/png\" \/>\n<meta name=\"twitter:card\" content=\"summary_large_image\" \/>\n<meta name=\"twitter:label1\" content=\"Tiempo de lectura\" \/>\n\t<meta name=\"twitter:data1\" content=\"1 minuto\" \/>\n<script type=\"application\/ld+json\" class=\"yoast-schema-graph\">{\"@context\":\"https:\/\/schema.org\",\"@graph\":[{\"@type\":\"WebPage\",\"@id\":\"https:\/\/escasolutions.com\/terms-and-conditions\/\",\"url\":\"https:\/\/escasolutions.com\/terms-and-conditions\/\",\"name\":\"Terms and Conditions - ESCA Solutions\",\"isPartOf\":{\"@id\":\"https:\/\/escasolutions.com\/#website\"},\"datePublished\":\"2023-10-18T19:49:48+00:00\",\"dateModified\":\"2023-10-18T20:11:13+00:00\",\"breadcrumb\":{\"@id\":\"https:\/\/escasolutions.com\/terms-and-conditions\/#breadcrumb\"},\"inLanguage\":\"es\",\"potentialAction\":[{\"@type\":\"ReadAction\",\"target\":[\"https:\/\/escasolutions.com\/terms-and-conditions\/\"]}]},{\"@type\":\"BreadcrumbList\",\"@id\":\"https:\/\/escasolutions.com\/terms-and-conditions\/#breadcrumb\",\"itemListElement\":[{\"@type\":\"ListItem\",\"position\":1,\"name\":\"Home\",\"item\":\"https:\/\/escasolutions.com\/\"},{\"@type\":\"ListItem\",\"position\":2,\"name\":\"Terms and Conditions\"}]},{\"@type\":\"WebSite\",\"@id\":\"https:\/\/escasolutions.com\/#website\",\"url\":\"https:\/\/escasolutions.com\/\",\"name\":\"ESCA Solutions\",\"description\":\"Your Trusted Digital Partners\",\"publisher\":{\"@id\":\"https:\/\/escasolutions.com\/#organization\"},\"potentialAction\":[{\"@type\":\"SearchAction\",\"target\":{\"@type\":\"EntryPoint\",\"urlTemplate\":\"https:\/\/escasolutions.com\/?s={search_term_string}\"},\"query-input\":\"required name=search_term_string\"}],\"inLanguage\":\"es\"},{\"@type\":\"Organization\",\"@id\":\"https:\/\/escasolutions.com\/#organization\",\"name\":\"ESCA Solutions\",\"url\":\"https:\/\/escasolutions.com\/\",\"logo\":{\"@type\":\"ImageObject\",\"inLanguage\":\"es\",\"@id\":\"https:\/\/escasolutions.com\/#\/schema\/logo\/image\/\",\"url\":\"https:\/\/i0.wp.com\/escasolutions.com\/wp-content\/uploads\/2024\/01\/ESCA_wMargin_color_bg-transparent-black-text-squared.png?fit=1800%2C1800&ssl=1\",\"contentUrl\":\"https:\/\/i0.wp.com\/escasolutions.com\/wp-content\/uploads\/2024\/01\/ESCA_wMargin_color_bg-transparent-black-text-squared.png?fit=1800%2C1800&ssl=1\",\"width\":1800,\"height\":1800,\"caption\":\"ESCA Solutions\"},\"image\":{\"@id\":\"https:\/\/escasolutions.com\/#\/schema\/logo\/image\/\"}}]}<\/script>\n<!-- \/ Yoast SEO plugin. -->","yoast_head_json":{"title":"Terms and Conditions - ESCA Solutions","robots":{"index":"index","follow":"follow","max-snippet":"max-snippet:-1","max-image-preview":"max-image-preview:large","max-video-preview":"max-video-preview:-1"},"canonical":"https:\/\/escasolutions.com\/es\/condiciones-generales\/","og_locale":"es_ES","og_type":"article","og_title":"Terms and Conditions - ESCA Solutions","og_description":"ESCA Solutions Terms and Conditions Last Updated: September 2023 1. Acceptance of Terms By accessing the website escasolutions.com (&#8220;Website&#8221;), you are agreeing to be bound by these Terms and Conditions of Use, all applicable laws, and regulations. 2. Use License Permission is granted to temporarily download one copy of the materials on the Website for [&hellip;]","og_url":"https:\/\/escasolutions.com\/es\/condiciones-generales\/","og_site_name":"ESCA Solutions","article_modified_time":"2023-10-18T20:11:13+00:00","og_image":[{"width":1800,"height":1800,"url":"https:\/\/i0.wp.com\/escasolutions.com\/wp-content\/uploads\/2024\/01\/ESCA_wMargin_color_bg-transparent-black-text-squared.png?fit=1800%2C1800&ssl=1","type":"image\/png"}],"twitter_card":"summary_large_image","twitter_misc":{"Tiempo de lectura":"1 minuto"},"schema":{"@context":"https:\/\/schema.org","@graph":[{"@type":"WebPage","@id":"https:\/\/escasolutions.com\/terms-and-conditions\/","url":"https:\/\/escasolutions.com\/terms-and-conditions\/","name":"Terms and Conditions - ESCA Solutions","isPartOf":{"@id":"https:\/\/escasolutions.com\/#website"},"datePublished":"2023-10-18T19:49:48+00:00","dateModified":"2023-10-18T20:11:13+00:00","breadcrumb":{"@id":"https:\/\/escasolutions.com\/terms-and-conditions\/#breadcrumb"},"inLanguage":"es","potentialAction":[{"@type":"ReadAction","target":["https:\/\/escasolutions.com\/terms-and-conditions\/"]}]},{"@type":"BreadcrumbList","@id":"https:\/\/escasolutions.com\/terms-and-conditions\/#breadcrumb","itemListElement":[{"@type":"ListItem","position":1,"name":"Home","item":"https:\/\/escasolutions.com\/"},{"@type":"ListItem","position":2,"name":"Terms and Conditions"}]},{"@type":"WebSite","@id":"https:\/\/escasolutions.com\/#website","url":"https:\/\/escasolutions.com\/","name":"ESCA Solutions","description":"Your Trusted Digital Partners","publisher":{"@id":"https:\/\/escasolutions.com\/#organization"},"potentialAction":[{"@type":"SearchAction","target":{"@type":"EntryPoint","urlTemplate":"https:\/\/escasolutions.com\/?s={search_term_string}"},"query-input":"required name=search_term_string"}],"inLanguage":"es"},{"@type":"Organization","@id":"https:\/\/escasolutions.com\/#organization","name":"ESCA Solutions","url":"https:\/\/escasolutions.com\/","logo":{"@type":"ImageObject","inLanguage":"es","@id":"https:\/\/escasolutions.com\/#\/schema\/logo\/image\/","url":"https:\/\/i0.wp.com\/escasolutions.com\/wp-content\/uploads\/2024\/01\/ESCA_wMargin_color_bg-transparent-black-text-squared.png?fit=1800%2C1800&ssl=1","contentUrl":"https:\/\/i0.wp.com\/escasolutions.com\/wp-content\/uploads\/2024\/01\/ESCA_wMargin_color_bg-transparent-black-text-squared.png?fit=1800%2C1800&ssl=1","width":1800,"height":1800,"caption":"ESCA Solutions"},"image":{"@id":"https:\/\/escasolutions.com\/#\/schema\/logo\/image\/"}}]}},"jetpack_sharing_enabled":true,"_links":{"self":[{"href":"https:\/\/escasolutions.com\/es\/wp-json\/wp\/v2\/pages\/608","targetHints":{"allow":["GET"]}}],"collection":[{"href":"https:\/\/escasolutions.com\/es\/wp-json\/wp\/v2\/pages"}],"about":[{"href":"https:\/\/escasolutions.com\/es\/wp-json\/wp\/v2\/types\/page"}],"author":[{"embeddable":true,"href":"https:\/\/escasolutions.com\/es\/wp-json\/wp\/v2\/users\/1"}],"replies":[{"embeddable":true,"href":"https:\/\/escasolutions.com\/es\/wp-json\/wp\/v2\/comments?post=608"}],"version-history":[{"count":8,"href":"https:\/\/escasolutions.com\/es\/wp-json\/wp\/v2\/pages\/608\/revisions"}],"predecessor-version":[{"id":696,"href":"https:\/\/escasolutions.com\/es\/wp-json\/wp\/v2\/pages\/608\/revisions\/696"}],"wp:attachment":[{"href":"https:\/\/escasolutions.com\/es\/wp-json\/wp\/v2\/media?parent=608"}],"curies":[{"name":"wp","href":"https:\/\/api.w.org\/{rel}","templated":true}]}}