{"id":3,"date":"2023-08-27T20:49:10","date_gmt":"2023-08-27T20:49:10","guid":{"rendered":"https:\/\/escasolutions.com\/WPversion\/wordpress\/?page_id=3"},"modified":"2023-10-18T20:10:37","modified_gmt":"2023-10-18T20:10:37","slug":"privacy-policy","status":"publish","type":"page","link":"https:\/\/escasolutions.com\/es\/politica-de-privacidad\/","title":{"rendered":"Pol\u00edtica de privacidad"},"content":{"rendered":"<div data-elementor-type=\"wp-page\" data-elementor-id=\"3\" class=\"elementor elementor-3\">\n\t\t\t\t\t\t\t\t\t<section class=\"elementor-section elementor-top-section elementor-element elementor-element-7f0a5347 elementor-section-boxed elementor-section-height-default elementor-section-height-default\" data-id=\"7f0a5347\" data-element_type=\"section\" data-settings=\"{&quot;background_background&quot;:&quot;classic&quot;}\">\n\t\t\t\t\t\t<div class=\"elementor-container elementor-column-gap-default\">\n\t\t\t\t\t<div class=\"elementor-column elementor-col-100 elementor-top-column elementor-element elementor-element-4dea6584\" data-id=\"4dea6584\" data-element_type=\"column\">\n\t\t\t<div class=\"elementor-widget-wrap elementor-element-populated\">\n\t\t\t\t\t\t\t\t<div class=\"elementor-element elementor-element-3f5bf7df elementor-widget elementor-widget-text-editor\" data-id=\"3f5bf7df\" data-element_type=\"widget\" data-widget_type=\"text-editor.default\">\n\t\t\t\t<div class=\"elementor-widget-container\">\n\t\t\t<style>\/*! elementor - v3.15.0 - 20-08-2023 *\/\n.elementor-widget-text-editor.elementor-drop-cap-view-stacked .elementor-drop-cap{background-color:#69727d;color:#fff}.elementor-widget-text-editor.elementor-drop-cap-view-framed .elementor-drop-cap{color:#69727d;border:3px solid;background-color:transparent}.elementor-widget-text-editor:not(.elementor-drop-cap-view-default) .elementor-drop-cap{margin-top:8px}.elementor-widget-text-editor:not(.elementor-drop-cap-view-default) .elementor-drop-cap-letter{width:1em;height:1em}.elementor-widget-text-editor .elementor-drop-cap{float:left;text-align:center;line-height:1;font-size:50px}.elementor-widget-text-editor .elementor-drop-cap-letter{display:inline-block}<\/style>\t\t\t\t<p><!-- wp:heading --><\/p>\n<style>\n.withMargin{\nmargin-left:20px;<br \/>\n}\n<\/style>\n<h3>Pol\u00edtica de privacidad de ESCA Solutions<\/h3>\n<p><strong>\u00daltima actualizaci\u00f3n: Septiembre 2023<\/strong><\/p>\n<h4>1. <strong>Introducci\u00f3n<\/strong><\/h4>\n<p>Bienvenido a ESCA Solutions (\"nosotros\", \"nuestro\" o \"nos\"). Nos comprometemos a proteger su informaci\u00f3n personal y su derecho a la privacidad. Si tiene alguna pregunta o duda sobre nuestra pol\u00edtica o nuestras pr\u00e1cticas en relaci\u00f3n con su informaci\u00f3n personal, p\u00f3ngase en contacto con nosotros en info@escasolutions.com.<\/p>\n<h4>2. <strong>Informaci\u00f3n que recopilamos<\/strong><\/h4>\n<ul class=\"withMargin\">\n<li>\n<p><strong>Informaci\u00f3n personal<\/strong>: Cuando visita nuestro sitio web y utiliza nuestro formulario de contacto, podemos recopilar informaci\u00f3n personal como su nombre, correo electr\u00f3nico y n\u00famero de tel\u00e9fono.<\/p>\n<\/li>\n<li>\n<p><strong>Informaci\u00f3n no personal<\/strong>: Tambi\u00e9n podemos recopilar informaci\u00f3n no personal, como su direcci\u00f3n IP, tipo de navegador, sistema operativo y p\u00e1ginas a las que ha accedido en nuestro sitio web.<\/p>\n<\/li>\n<\/ul>\n<h4>3. <strong>C\u00f3mo utilizamos su informaci\u00f3n<\/strong><\/h4>\n<p>Utilizamos su informaci\u00f3n personal para ponernos en contacto con usted, responder a sus consultas y enviarle informaci\u00f3n actualizada sobre nuestros servicios. La informaci\u00f3n no personal se utiliza para realizar an\u00e1lisis y mejorar nuestro sitio web.<\/p>\n<h4>4. <strong>C\u00f3mo compartimos su informaci\u00f3n<\/strong><\/h4>\n<p>No compartimos ni vendemos su informaci\u00f3n personal a terceros. Podemos revelar su informaci\u00f3n personal si as\u00ed lo exige la ley o si creemos de buena fe que dicha acci\u00f3n es necesaria.<\/p>\n<h4>5. <strong>Servicios de terceros<\/strong><\/h4>\n<p>Nuestro sitio web emplea diversos servicios de terceros para funcionar correctamente y mejorar la experiencia del usuario, como herramientas de prevenci\u00f3n de spam como reCAPTCHA, an\u00e1lisis y otros. Estos servicios de terceros pueden recopilar y procesar sus datos de acuerdo con sus propias pol\u00edticas de privacidad y condiciones de servicio. Recomendamos revisar las respectivas pol\u00edticas de privacidad y condiciones de servicio de estos servicios de terceros para obtener informaci\u00f3n m\u00e1s detallada sobre sus pr\u00e1cticas y pol\u00edticas.<\/p>\n<h4>6. <strong>Seguridad<\/strong><\/h4>\n<p>Hemos aplicado medidas de seguridad razonables para proteger su informaci\u00f3n personal. Sin embargo, no podemos garantizar una seguridad absoluta.<\/p>\n<h4>7. <strong>Actualizaciones de esta pol\u00edtica<\/strong><\/h4>\n<p>Podemos actualizar esta Pol\u00edtica de Privacidad de vez en cuando. La versi\u00f3n actualizada se indicar\u00e1 mediante una fecha de \"\u00daltima actualizaci\u00f3n\".<\/p>\n<h4>8. <strong>P\u00f3ngase en contacto con nosotros<\/strong><\/h4>\n<p>Si tiene alguna pregunta o duda sobre esta Pol\u00edtica de Privacidad, p\u00f3ngase en contacto con nosotros en info@escasolutions.com.<\/p>\n<p><!-- \/wp:paragraph --><\/p>\t\t\t\t\t\t<\/div>\n\t\t\t\t<\/div>\n\t\t\t\t\t<\/div>\n\t\t<\/div>\n\t\t\t\t\t\t\t<\/div>\n\t\t<\/section>\n\t\t\t\t\t\t\t<\/div>","protected":false},"excerpt":{"rendered":"<p>Pol\u00edtica de privacidad de ESCA Solutions \u00daltima actualizaci\u00f3n: Septiembre 2023 1. Introducci\u00f3n Bienvenido a ESCA Solutions (\"nosotros\", \"nuestro\" o \"nos\"). Nos comprometemos a proteger su informaci\u00f3n personal y su derecho a la privacidad. Si tiene alguna pregunta o duda sobre nuestra pol\u00edtica o nuestras pr\u00e1cticas con respecto a su informaci\u00f3n personal, p\u00f3ngase en contacto con nosotros en info@escasolutions.com [...]<\/p>","protected":false},"author":1,"featured_media":0,"parent":0,"menu_order":0,"comment_status":"closed","ping_status":"open","template":"","meta":{"footnotes":""},"class_list":["post-3","page","type-page","status-publish","hentry"],"yoast_head":"<!-- This site is optimized with the Yoast SEO plugin v21.9.1 - https:\/\/yoast.com\/wordpress\/plugins\/seo\/ -->\n<title>Privacy Policy - ESCA Solutions<\/title>\n<meta name=\"robots\" content=\"index, follow, max-snippet:-1, max-image-preview:large, max-video-preview:-1\" \/>\n<link rel=\"canonical\" href=\"https:\/\/escasolutions.com\/es\/politica-de-privacidad\/\" \/>\n<meta property=\"og:locale\" content=\"es_ES\" \/>\n<meta property=\"og:type\" content=\"article\" \/>\n<meta property=\"og:title\" content=\"Privacy Policy - ESCA Solutions\" \/>\n<meta property=\"og:description\" content=\"ESCA Solutions Privacy Policy Last Updated: September 2023 1. Introduction Welcome to ESCA Solutions (&#8220;we&#8221;, &#8220;our&#8221;, or &#8220;us&#8221;). We are committed to protecting your personal information and your right to privacy. If you have any questions or concerns about our policy or our practices with regards to your personal information, please contact us at info@escasolutions.com [&hellip;]\" \/>\n<meta property=\"og:url\" content=\"https:\/\/escasolutions.com\/es\/politica-de-privacidad\/\" \/>\n<meta property=\"og:site_name\" content=\"ESCA Solutions\" \/>\n<meta property=\"article:modified_time\" content=\"2023-10-18T20:10:37+00:00\" \/>\n<meta property=\"og:image\" content=\"https:\/\/i0.wp.com\/escasolutions.com\/wp-content\/uploads\/2024\/01\/ESCA_wMargin_color_bg-transparent-black-text-squared.png?fit=1800%2C1800&ssl=1\" \/>\n\t<meta property=\"og:image:width\" content=\"1800\" \/>\n\t<meta property=\"og:image:height\" content=\"1800\" \/>\n\t<meta property=\"og:image:type\" content=\"image\/png\" \/>\n<meta name=\"twitter:card\" content=\"summary_large_image\" \/>\n<meta name=\"twitter:label1\" content=\"Tiempo de lectura\" \/>\n\t<meta name=\"twitter:data1\" content=\"2 minutos\" \/>\n<script type=\"application\/ld+json\" class=\"yoast-schema-graph\">{\"@context\":\"https:\/\/schema.org\",\"@graph\":[{\"@type\":\"WebPage\",\"@id\":\"https:\/\/escasolutions.com\/privacy-policy\/\",\"url\":\"https:\/\/escasolutions.com\/privacy-policy\/\",\"name\":\"Privacy Policy - ESCA Solutions\",\"isPartOf\":{\"@id\":\"https:\/\/escasolutions.com\/#website\"},\"datePublished\":\"2023-08-27T20:49:10+00:00\",\"dateModified\":\"2023-10-18T20:10:37+00:00\",\"breadcrumb\":{\"@id\":\"https:\/\/escasolutions.com\/privacy-policy\/#breadcrumb\"},\"inLanguage\":\"es\",\"potentialAction\":[{\"@type\":\"ReadAction\",\"target\":[\"https:\/\/escasolutions.com\/privacy-policy\/\"]}]},{\"@type\":\"BreadcrumbList\",\"@id\":\"https:\/\/escasolutions.com\/privacy-policy\/#breadcrumb\",\"itemListElement\":[{\"@type\":\"ListItem\",\"position\":1,\"name\":\"Home\",\"item\":\"https:\/\/escasolutions.com\/\"},{\"@type\":\"ListItem\",\"position\":2,\"name\":\"Privacy Policy\"}]},{\"@type\":\"WebSite\",\"@id\":\"https:\/\/escasolutions.com\/#website\",\"url\":\"https:\/\/escasolutions.com\/\",\"name\":\"ESCA Solutions\",\"description\":\"Your Trusted Digital Partners\",\"publisher\":{\"@id\":\"https:\/\/escasolutions.com\/#organization\"},\"potentialAction\":[{\"@type\":\"SearchAction\",\"target\":{\"@type\":\"EntryPoint\",\"urlTemplate\":\"https:\/\/escasolutions.com\/?s={search_term_string}\"},\"query-input\":\"required name=search_term_string\"}],\"inLanguage\":\"es\"},{\"@type\":\"Organization\",\"@id\":\"https:\/\/escasolutions.com\/#organization\",\"name\":\"ESCA Solutions\",\"url\":\"https:\/\/escasolutions.com\/\",\"logo\":{\"@type\":\"ImageObject\",\"inLanguage\":\"es\",\"@id\":\"https:\/\/escasolutions.com\/#\/schema\/logo\/image\/\",\"url\":\"https:\/\/i0.wp.com\/escasolutions.com\/wp-content\/uploads\/2024\/01\/ESCA_wMargin_color_bg-transparent-black-text-squared.png?fit=1800%2C1800&ssl=1\",\"contentUrl\":\"https:\/\/i0.wp.com\/escasolutions.com\/wp-content\/uploads\/2024\/01\/ESCA_wMargin_color_bg-transparent-black-text-squared.png?fit=1800%2C1800&ssl=1\",\"width\":1800,\"height\":1800,\"caption\":\"ESCA Solutions\"},\"image\":{\"@id\":\"https:\/\/escasolutions.com\/#\/schema\/logo\/image\/\"}}]}<\/script>\n<!-- \/ Yoast SEO plugin. -->","yoast_head_json":{"title":"Privacy Policy - ESCA Solutions","robots":{"index":"index","follow":"follow","max-snippet":"max-snippet:-1","max-image-preview":"max-image-preview:large","max-video-preview":"max-video-preview:-1"},"canonical":"https:\/\/escasolutions.com\/es\/politica-de-privacidad\/","og_locale":"es_ES","og_type":"article","og_title":"Privacy Policy - ESCA Solutions","og_description":"ESCA Solutions Privacy Policy Last Updated: September 2023 1. Introduction Welcome to ESCA Solutions (&#8220;we&#8221;, &#8220;our&#8221;, or &#8220;us&#8221;). We are committed to protecting your personal information and your right to privacy. If you have any questions or concerns about our policy or our practices with regards to your personal information, please contact us at info@escasolutions.com [&hellip;]","og_url":"https:\/\/escasolutions.com\/es\/politica-de-privacidad\/","og_site_name":"ESCA Solutions","article_modified_time":"2023-10-18T20:10:37+00:00","og_image":[{"width":1800,"height":1800,"url":"https:\/\/i0.wp.com\/escasolutions.com\/wp-content\/uploads\/2024\/01\/ESCA_wMargin_color_bg-transparent-black-text-squared.png?fit=1800%2C1800&ssl=1","type":"image\/png"}],"twitter_card":"summary_large_image","twitter_misc":{"Tiempo de lectura":"2 minutos"},"schema":{"@context":"https:\/\/schema.org","@graph":[{"@type":"WebPage","@id":"https:\/\/escasolutions.com\/privacy-policy\/","url":"https:\/\/escasolutions.com\/privacy-policy\/","name":"Privacy Policy - ESCA Solutions","isPartOf":{"@id":"https:\/\/escasolutions.com\/#website"},"datePublished":"2023-08-27T20:49:10+00:00","dateModified":"2023-10-18T20:10:37+00:00","breadcrumb":{"@id":"https:\/\/escasolutions.com\/privacy-policy\/#breadcrumb"},"inLanguage":"es","potentialAction":[{"@type":"ReadAction","target":["https:\/\/escasolutions.com\/privacy-policy\/"]}]},{"@type":"BreadcrumbList","@id":"https:\/\/escasolutions.com\/privacy-policy\/#breadcrumb","itemListElement":[{"@type":"ListItem","position":1,"name":"Home","item":"https:\/\/escasolutions.com\/"},{"@type":"ListItem","position":2,"name":"Privacy Policy"}]},{"@type":"WebSite","@id":"https:\/\/escasolutions.com\/#website","url":"https:\/\/escasolutions.com\/","name":"ESCA Solutions","description":"Your Trusted Digital Partners","publisher":{"@id":"https:\/\/escasolutions.com\/#organization"},"potentialAction":[{"@type":"SearchAction","target":{"@type":"EntryPoint","urlTemplate":"https:\/\/escasolutions.com\/?s={search_term_string}"},"query-input":"required name=search_term_string"}],"inLanguage":"es"},{"@type":"Organization","@id":"https:\/\/escasolutions.com\/#organization","name":"ESCA Solutions","url":"https:\/\/escasolutions.com\/","logo":{"@type":"ImageObject","inLanguage":"es","@id":"https:\/\/escasolutions.com\/#\/schema\/logo\/image\/","url":"https:\/\/i0.wp.com\/escasolutions.com\/wp-content\/uploads\/2024\/01\/ESCA_wMargin_color_bg-transparent-black-text-squared.png?fit=1800%2C1800&ssl=1","contentUrl":"https:\/\/i0.wp.com\/escasolutions.com\/wp-content\/uploads\/2024\/01\/ESCA_wMargin_color_bg-transparent-black-text-squared.png?fit=1800%2C1800&ssl=1","width":1800,"height":1800,"caption":"ESCA Solutions"},"image":{"@id":"https:\/\/escasolutions.com\/#\/schema\/logo\/image\/"}}]}},"jetpack_sharing_enabled":true,"_links":{"self":[{"href":"https:\/\/escasolutions.com\/es\/wp-json\/wp\/v2\/pages\/3","targetHints":{"allow":["GET"]}}],"collection":[{"href":"https:\/\/escasolutions.com\/es\/wp-json\/wp\/v2\/pages"}],"about":[{"href":"https:\/\/escasolutions.com\/es\/wp-json\/wp\/v2\/types\/page"}],"author":[{"embeddable":true,"href":"https:\/\/escasolutions.com\/es\/wp-json\/wp\/v2\/users\/1"}],"replies":[{"embeddable":true,"href":"https:\/\/escasolutions.com\/es\/wp-json\/wp\/v2\/comments?post=3"}],"version-history":[{"count":15,"href":"https:\/\/escasolutions.com\/es\/wp-json\/wp\/v2\/pages\/3\/revisions"}],"predecessor-version":[{"id":693,"href":"https:\/\/escasolutions.com\/es\/wp-json\/wp\/v2\/pages\/3\/revisions\/693"}],"wp:attachment":[{"href":"https:\/\/escasolutions.com\/es\/wp-json\/wp\/v2\/media?parent=3"}],"curies":[{"name":"wp","href":"https:\/\/api.w.org\/{rel}","templated":true}]}}